{"id":1860,"date":"2019-03-03T08:06:29","date_gmt":"2019-03-03T08:06:29","guid":{"rendered":"https:\/\/solidarityzone.org\/?page_id=1860"},"modified":"2025-09-23T00:49:52","modified_gmt":"2025-09-22T22:49:52","slug":"our-services-2-2-2","status":"publish","type":"page","link":"https:\/\/solidarityzone.org\/?page_id=1860","title":{"rendered":"Represje"},"content":{"rendered":"<section class=\"wpb-content-wrapper\">[vc_row][vc_column]<div  class=\"clear swmsc_gap\" style=\"margin:30px 0 0 0;\"><\/div>[vc_column_text]<strong><div  class=\"swmsc_counter_box\" >\n\t\t\t\t\t\t<div class=\"swmsc_counter_box_wrap swmsc_counter_icon_center\">\n\t\t\t\t\t\t\t\n\t\t\t\t\t\t\t\t<div class=\"swmsc_stat_counter\" data-finalNumber=\"200000\" data-speed=\"2000\">\n\t\t\t\t\t\t\t\t\t<span class=\"swmsc_counter_box_count\" style=\"font-size:60px;color:#1e73be;\"><\/span><span class=\"swmsc_counter_box_percent\" style=\"font-size:60px;color:#1e73be;\"> EUR<\/span>\n  \t\t\t\t\t\t\t\t\t<div class=\"swmsc_counter_box_stat_text\" style=\"font-size:0px;color:#1e73be;margin-top:0px;\"><\/div>\n\t\t\t\t\t\t\t\t<\/div>\n\t\t\t\t\t\t\t\t<div class=\"clear\"><\/div>\n\t\t\t\t\t\t\t<\/div>\n\t\t\t\t\t<\/div><\/strong><\/p>\n<p style=\"text-align: center; color: #1e73be; font-size: 24px;\">Od uruchomienia Bie\u0142satu w 2007 roku jego dziennikarze zap\u0142acili grzywny<br \/>\nna \u0142\u0105czn\u0105 sum\u0119 przekraczaj\u0105c\u0105 <strong>200 000<\/strong> EUR.[\/vc_column_text]<div  class=\"clear swmsc_gap\" style=\"margin:60px 0 0 0;\"><\/div><div  class=\"swmsc_full_width_section\" style=\" background-color:#ffffff;background-size: auto;  padding-top:0px; padding-bottom:60px; margin-top:0px; margin-bottom:0px;  \">\n\t\t\t\t\t\t<div class=\"swmsc_container\">\n\t\t\t\t\t\t\t[vc_row_inner][vc_column_inner width=&#8221;1\/2&#8243;]<div  class=\"swmsc_text_block\" > <img loading=\"lazy\" decoding=\"async\" class=\"alignleft wp-image-2874 size-full\" src=\"https:\/\/solidarityzone.org\/wp-content\/uploads\/2025\/02\/122147737_2735785413361919_7548634821931814248_n-e1740676092752.jpg\" alt=\"\" width=\"720\" height=\"728\" srcset=\"https:\/\/solidarityzone.org\/wp-content\/uploads\/2025\/02\/122147737_2735785413361919_7548634821931814248_n-e1740676092752.jpg 720w, https:\/\/solidarityzone.org\/wp-content\/uploads\/2025\/02\/122147737_2735785413361919_7548634821931814248_n-e1740676092752-297x300.jpg 297w, https:\/\/solidarityzone.org\/wp-content\/uploads\/2025\/02\/122147737_2735785413361919_7548634821931814248_n-e1740676092752-90x90.jpg 90w\" sizes=\"auto, (max-width: 720px) 100vw, 720px\" \/><\/div><div  class=\"clear swmsc_gap\" style=\"margin:20px 0 0 0;\"><\/div><div  class=\"clear swmsc_gap\" style=\"margin:20px 0 0 0;\"><\/div>[vc_column_text]\n<p style=\"text-align: center;\"><strong>POKRYJ KAR\u0118 GRZYWNY ZA DZIENNIKARZA<\/strong><br \/>\n<a title=\"PayPal - The safer, easier way to pay online!\" href=\"https:\/\/www.paypal.com\/cgi-bin\/webscr?cmd=_s-xclick&amp;hosted_button_id=4T6ERWWGL72XE&amp;source=url\"><img decoding=\"async\" src=\"https:\/\/www.paypalobjects.com\/webstatic\/mktg\/logo-center\/banner_pl_secured_payments_by_pp_319x110.jpg\" alt=\"Donate with PayPal button\" border=\"0\" \/><\/a><a href=\"https:\/\/solidarityzone.org\/?page_id=1939\"><img loading=\"lazy\" decoding=\"async\" class=\"wp-image-2659 aligncenter\" src=\"https:\/\/solidarityzone.org\/wp-content\/uploads\/2021\/02\/2-wn-pl.jpg\" alt=\"\" width=\"318\" height=\"80\" srcset=\"https:\/\/solidarityzone.org\/wp-content\/uploads\/2021\/02\/2-wn-pl.jpg 638w, https:\/\/solidarityzone.org\/wp-content\/uploads\/2021\/02\/2-wn-pl-300x75.jpg 300w\" sizes=\"auto, (max-width: 318px) 100vw, 318px\" \/><\/a>[\/vc_column_text][\/vc_column_inner][vc_column_inner width=&#8221;1\/2&#8243;]<div  class=\"swmsc_text_block\" > Uprawianie niezale\u017cnego dziennikarstwa w\u00a0pa\u0144stwie autorytarnym to sztuka na kraw\u0119dzi bohaterstwa.<\/p>\n<p>Dziennikarze Telewizji Bie\u0142sat s\u0105 prze\u015bladowani przez bia\u0142oruski aparat represji od pierwszych dni nadawania kana\u0142u w\u00a02007 roku. Przez te lata dziennikarze i\u00a0operatorzy byli regularnie zatrzymywani i\u00a0rewidowani, n\u0119kani pozwami i\u00a0skazywani przez bia\u0142oruskie s\u0105dy na kary administracyjne, w\u00a0wi\u0119kszo\u015bci grzywny finansowe, ale tak\u017ce areszt. Wsp\u00f3\u0142pracownicy Bie\u0142satu byli bici i\u00a0zastraszani oraz szykanowani na uczelniach, a\u00a0ich rodziny poddawane presji w\u00a0zak\u0142adach pracy.<\/p>\n<p>Ekipom wielokrotnie konfiskowano sprz\u0119t telewizyjny, a\u00a0pomieszczenia redakcyjne w\u00a0Mi\u0144sku by\u0142y przeszukiwane przez milicj\u0119 i\u00a0prokuratur\u0119, kt\u00f3re przy okazji skutecznie \u201ezabezpiecza\u0142y\u201d komputery i\u00a0wyposa\u017cenie telewizyjne.<\/p>\n<p>Paragrafy oskar\u017cenia dobierane s\u0105 przez wymiar sprawiedliwo\u015bci w\u00a0zale\u017cno\u015bci od aktualnego zapotrzebowania politycznego i\u00a0nigdy nie odpowiadaj\u0105 faktom. Bie\u0142sat do dzi\u015b nie otrzyma\u0142 zgody na rejestracj\u0119 oficjalnego przedstawicielstwa na Bia\u0142orusi, a\u00a0wsp\u00f3\u0142pracuj\u0105cym z\u00a0nim dziennikarzom konsekwentnie odmawia si\u0119 akredytacji.<\/p>\n<p>Ka\u017cdy mo\u017ce do\u0142o\u017cy\u0107 swoj\u0105 cegie\u0142k\u0119 do sp\u0142aty grzywien administracyjnych nak\u0142adanych przez bia\u0142oruskie s\u0105dy na niezale\u017cnych dziennikarzy za ich prac\u0119 na rzecz rzetelnego informowania spo\u0142ecze\u0144stwa.<\/div><div  class=\"clear swmsc_gap\" style=\"margin:20px 0 0 0;\"><\/div>[\/vc_column_inner][\/vc_row_inner]\n\t\t\t\t\t\t\t<div class=\"clear\"><\/div>\n\t\t\t\t\t\t<\/div>\n\t\t\t\t\t<\/div>[\/vc_column][\/vc_row]\n<\/section>","protected":false},"excerpt":{"rendered":"<p>[vc_row][vc_column][vc_column_text] Od uruchomienia Bie\u0142satu w 2007 roku jego dziennikarze zap\u0142acili grzywny na \u0142\u0105czn\u0105 sum\u0119 przekraczaj\u0105c\u0105 200 000 EUR.[\/vc_column_text][\/vc_column][\/vc_row]<\/p>\n","protected":false},"author":1,"featured_media":0,"parent":0,"menu_order":0,"comment_status":"closed","ping_status":"closed","template":"templates\/100-width.php","meta":{"footnotes":""},"class_list":["post-1860","page","type-page","status-publish","hentry"],"_links":{"self":[{"href":"https:\/\/solidarityzone.org\/index.php?rest_route=\/wp\/v2\/pages\/1860","targetHints":{"allow":["GET"]}}],"collection":[{"href":"https:\/\/solidarityzone.org\/index.php?rest_route=\/wp\/v2\/pages"}],"about":[{"href":"https:\/\/solidarityzone.org\/index.php?rest_route=\/wp\/v2\/types\/page"}],"author":[{"embeddable":true,"href":"https:\/\/solidarityzone.org\/index.php?rest_route=\/wp\/v2\/users\/1"}],"replies":[{"embeddable":true,"href":"https:\/\/solidarityzone.org\/index.php?rest_route=%2Fwp%2Fv2%2Fcomments&post=1860"}],"version-history":[{"count":13,"href":"https:\/\/solidarityzone.org\/index.php?rest_route=\/wp\/v2\/pages\/1860\/revisions"}],"predecessor-version":[{"id":2912,"href":"https:\/\/solidarityzone.org\/index.php?rest_route=\/wp\/v2\/pages\/1860\/revisions\/2912"}],"wp:attachment":[{"href":"https:\/\/solidarityzone.org\/index.php?rest_route=%2Fwp%2Fv2%2Fmedia&parent=1860"}],"curies":[{"name":"wp","href":"https:\/\/api.w.org\/{rel}","templated":true}]}}