{"id":2723,"date":"2023-12-05T12:41:23","date_gmt":"2023-12-05T11:41:23","guid":{"rendered":"https:\/\/solidarityzone.org\/?page_id=2723"},"modified":"2025-10-13T13:57:16","modified_gmt":"2025-10-13T11:57:16","slug":"placeholder-title","status":"publish","type":"page","link":"https:\/\/solidarityzone.org\/","title":{"rendered":"WESPRZYJ DZIENNIKARZY WI\u0118ZIONYCH PRZEZ RE\u017bIM \u0141UKASZENKI"},"content":{"rendered":"<section class=\"wpb-content-wrapper\">[vc_row][vc_column][vc_column_text]\r\n<h2 class=\"wp-block-heading has-text-align-center\">WESPRZYJ DZIENNIKARZY REPRESJONOWANYCH PRZEZ RE\u017bIM \u0141UKASZENKI<\/h2>\r\n\r\n<p>&nbsp;<\/p>\r\n\r\n<p><style>\r\n  .donation-container {<br \/>    background: #fff;<br \/>    border-radius: 8px;<br \/>    box-shadow: 0 0 10px rgba(0, 0, 0, 0.1);<br \/>    padding: 20px;<br \/>    text-align: center;<br \/>  }<\/p>\r\n<p>  .donation-form {<br \/>    display: flex;<br \/>    align-items: center;<br \/>    justify-content: center;<br \/> }<br \/><\/style><\/p>\r\n<div class=\"donation-container\">\r\n<div class=\"donation-form\" style=\"text-align: center;\">[tpay_payment_form]<\/div>\r\n<\/div>\r\n\r\n\r\n\r\n<p>&nbsp;<\/p>\r\n<p class=\"has-text-align-center\" style=\"text-align: left;\">W bia\u0142oruskich wi\u0119zieniach, aresztach \u015bledczych i koloniach karnych przetrzymywanych jest wci\u0105\u017c ponad tysi\u0105c wi\u0119\u017ani\u00f3w politycznych, kt\u00f3rym status taki przyzna\u0142y organizacje obrony praw cz\u0142owieka, oraz kilkukrotnie wi\u0119cej skazanych, kt\u00f3rych najbli\u017csi &#8211; w obawie przed torturami i gorszym traktowaniem ich bliskich za kratami &#8211; \u015bwiadomie odmawiaj\u0105 przyj\u0119cia takiego statusu.<\/p>\r\n<p class=\"has-text-align-center\" style=\"text-align: left;\">W\u015br\u00f3d &#8222;politycznych&#8221; kilkadziesi\u0105t os\u00f3b to dziennikarze niezale\u017cnych medi\u00f3w, w tym kilkoro wsp\u00f3\u0142pracownik\u00f3w TV Bie\u0142sat. Jedynie pozornie w lepszej sytuacji s\u0105 ci dziennikarze, kt\u00f3rzy zostali zwolnieni z wi\u0119zie\u0144 dzi\u0119ki zaanga\u017cowaniu administracji ameryka\u0144skiej: re\u017cim \u0141ukaszenki ca\u0142kowicie bezprawnie deportowa\u0142 ich z kraju.<\/p>\r\n<p style=\"text-align: left;\">I jedni, i drudzy trafili do wi\u0119zie\u0144 za wykonywanie swoich zawodowych obowi\u0105zk\u00f3w, za d\u0105\u017cenie do prawdy i marzenia o wolnej, suwerennej i demokratycznej Bia\u0142orusi. I jedni, i drudzy pilnie potrzebuj\u0105 naszej pomocy. Ich sytuacja jest dramatyczna. Razem zapewnijmy im wsparcie. 100% wp\u0142acanych darowizn przekazujemy na efektywn\u0105 pomoc.<\/p>\r\n<p>&nbsp;<\/p>\r\n<p><strong>O\u015bwiadczenie Rady i Zarz\u0105du Fundacji Strefa Solidarno\u015bci z 29-09-2025<\/strong><\/p>\r\n<p>Z wielk\u0105 rado\u015bci\u0105 witamy na wolno\u015bci o\u015bmioro naszych d\u0142ugoletnich koleg\u00f3w &#8211; pracownik\u00f3w i wsp\u00f3\u0142pracownik\u00f3w Belsat TV, zwolnionych z bia\u0142oruskich oboz\u00f3w dzi\u0119ki staraniom ameryka\u0144skiej administracji w kolejnej grupie 51 wi\u0119\u017ani\u00f3w politycznych.<\/p>\r\n<p>Z podzi\u0119kowaniami za podj\u0119cie tych humanitarnych wysi\u0142k\u00f3w zwr\u00f3cili\u015bmy si\u0119 ju\u017c do prezydenta Donalda Trumpa za po\u015brednictwem ambasady USA w Warszawie. Dzi\u015b chcieliby\u015bmy te\u017c wyrazi\u0107 szczeg\u00f3lne podzi\u0119kowanie dla Ministerstwa Spraw Wewn\u0119trznych i Administracji oraz Stra\u017cy Granicznej RP (na r\u0119ce pana ministra Marcina Kierwi\u0144skiego i wiceministra Macieja Duszczyka) za b\u0142yskawiczn\u0105 reakcj\u0119 na nasz\u0105 pro\u015bb\u0119 i gotowo\u015b\u0107 obj\u0119cia opiek\u0105 Polski tych spo\u015br\u00f3d uwolnionych, kt\u00f3rzy zdecydowali si\u0119 przyjecha\u0107 do naszego kraju.<\/p>\r\n<p>Jednocze\u015bnie przypominamy, \u017ce ca\u0142y czas w bia\u0142oruskich obozach (tzw. koloniach karnych) przebywa kilka tysi\u0119cy wi\u0119\u017ani\u00f3w politycznych, w tym 33 dziennikarzy, niekt\u00f3rzy z drako\u0144skimi wyrokami kilkunastu lat wi\u0119zienia. Najprawdopodobniej, wed\u0142ug relacji uwolnionych, wi\u0119\u017ani\u00f3w jest kilkakrotnie wi\u0119cej ni\u017c jak si\u0119 to obecnie powszechnie podaje oko\u0142o tysi\u0105ca. W\u015br\u00f3d nich wci\u0105\u017c wi\u0119zionych jest czworo naszych koleg\u00f3w z Bie\u0142sat TV, a tak\u017ce Andrzej Poczobut, dziennikarz i dzia\u0142acz mniejszo\u015bci polskiej.<\/p>\r\n<p>Chcieliby\u015bmy te\u017c zwr\u00f3ci\u0107 uwag\u0119 polskiej i \u015bwiatowej opinii publicznej na bia\u0142oruski system penitencjarny, kt\u00f3ry jest w prostej linii spadkobierc\u0105 sowieckiego gu\u0142agu. Z wszelkich relacji uwolnionych jasno wynika, \u017ce okrutne i nieludzkie traktowanie osadzonych jest jego nieod\u0142\u0105czn\u0105 i \u015bwiadomie stosowan\u0105 metod\u0105.<\/p>\r\n<p>Apelujemy o dalsze wsparcie dla uwolnionych i wyrzuconych ze swojego kraju wi\u0119\u017ani\u00f3w i jeszcze raz dzi\u0119kujemy wszystkim nieoboj\u0119tnym.<\/p>\r\n<p>Agnieszka Romaszewska &#8211; Guzy<\/p>\r\n<p>Beata Krasicka<\/p>\r\n<p>Aleksy Dzikawicki<\/p>\r\n<p>Mateusz Adamski<\/p>\r\n<p>Elena Doma\u0144ska (Sudina)<\/p>\r\n<p>* FUNDACJA STREFA SOLIDARNO\u015aCI (Solidarity Zone Foundation) zosta\u0142a za\u0142o\u017cona w 2017 roku przez by\u0142e kierownictwo Telewizji Bie\u0142sat w celu wspierania rozwoju stacji i prowadzenia mi\u0119dzynarodowego fundraisingu na jej rzecz, a tak\u017ce wspierania represjonowanych dziennikarzy. Fundacja pomaga r\u00f3wnie\u017c wi\u0119\u017aniom politycznym i ich rodzinom. Od pocz\u0105tku swego istnienia Fundacja zebra\u0142a na te cele 22 mln z\u0142, z czego 13 mln z\u0142 zosta\u0142o przekazanych bezpo\u015brednio do TVP na dzia\u0142alno\u015b\u0107 programow\u0105 Bie\u0142satu, a pozosta\u0142e \u015brodki wydatkowane zosta\u0142y na zakupy sprz\u0119tu (g\u0142\u00f3wnie dla dziennikarzy pracuj\u0105cych na Bia\u0142orusi), szkolenia, promocj\u0119 poszczeg\u00f3lnych program\u00f3w Bie\u0142satu w sieciach spo\u0142eczno\u015bciowych, zakup reklamy, relokacje dziennikarzy, pomoc psychologiczn\u0105, pomoc prawn\u0105, leczenie i rehabilitacj\u0119, zapomogi socjalne i pomoc rzeczow\u0105.<\/p>\r\n[\/vc_column_text][\/vc_column][\/vc_row]<\/section>","protected":false},"excerpt":{"rendered":"<p>[vc_row][vc_column][vc_column_text] WESPRZYJ DZIENNIKARZY REPRESJONOWANYCH PRZEZ RE\u017bIM \u0141UKASZENKI &nbsp; [tpay_payment_form] &nbsp; W bia\u0142oruskich wi\u0119zieniach, aresztach \u015bledczych i koloniach karnych przetrzymywanych jest wci\u0105\u017c ponad tysi\u0105c wi\u0119\u017ani\u00f3w politycznych, kt\u00f3rym status taki przyzna\u0142y organizacje obrony praw cz\u0142owieka, oraz kilkukrotnie wi\u0119cej skazanych, kt\u00f3rych najbli\u017csi &#8211; w obawie przed torturami i gorszym traktowaniem ich bliskich za [&hellip;]<\/p>\n","protected":false},"author":1,"featured_media":0,"parent":0,"menu_order":0,"comment_status":"closed","ping_status":"closed","template":"","meta":{"footnotes":""},"class_list":["post-2723","page","type-page","status-publish","hentry"],"_links":{"self":[{"href":"https:\/\/solidarityzone.org\/index.php?rest_route=\/wp\/v2\/pages\/2723","targetHints":{"allow":["GET"]}}],"collection":[{"href":"https:\/\/solidarityzone.org\/index.php?rest_route=\/wp\/v2\/pages"}],"about":[{"href":"https:\/\/solidarityzone.org\/index.php?rest_route=\/wp\/v2\/types\/page"}],"author":[{"embeddable":true,"href":"https:\/\/solidarityzone.org\/index.php?rest_route=\/wp\/v2\/users\/1"}],"replies":[{"embeddable":true,"href":"https:\/\/solidarityzone.org\/index.php?rest_route=%2Fwp%2Fv2%2Fcomments&post=2723"}],"version-history":[{"count":70,"href":"https:\/\/solidarityzone.org\/index.php?rest_route=\/wp\/v2\/pages\/2723\/revisions"}],"predecessor-version":[{"id":2942,"href":"https:\/\/solidarityzone.org\/index.php?rest_route=\/wp\/v2\/pages\/2723\/revisions\/2942"}],"wp:attachment":[{"href":"https:\/\/solidarityzone.org\/index.php?rest_route=%2Fwp%2Fv2%2Fmedia&parent=2723"}],"curies":[{"name":"wp","href":"https:\/\/api.w.org\/{rel}","templated":true}]}}